{"id":22496,"date":"2024-05-08T09:42:40","date_gmt":"2024-05-08T08:42:40","guid":{"rendered":"https:\/\/cecit.es\/?page_id=22496"},"modified":"2024-05-08T09:43:48","modified_gmt":"2024-05-08T08:43:48","slug":"inscription-mtl","status":"publish","type":"page","link":"https:\/\/cecit.es\/fr\/inscription-mtl\/","title":{"rendered":"la X-\u00e8me \u00c9dition de la Rencontre Entrepreneuriale Hispano-Marocaine du secteur Maritime, Transport et Logistique"},"content":{"rendered":"<p><img decoding=\"async\" src=\"https:\/\/cecit.es\/wp-content\/uploads\/2024\/05\/maritime.jpg\" \/><\/p>\n\n<div class=\"wpcf7 no-js\" id=\"wpcf7-f22498-o1\" lang=\"es-ES\" dir=\"ltr\" data-wpcf7-id=\"22498\">\n<div class=\"screen-reader-response\"><p role=\"status\" aria-live=\"polite\" aria-atomic=\"true\"><\/p> <ul><\/ul><\/div>\n<form action=\"\/fr\/wp-json\/wp\/v2\/pages\/22496#wpcf7-f22498-o1\" method=\"post\" class=\"wpcf7-form init\" aria-label=\"Formulario de contacto\" novalidate=\"novalidate\" data-status=\"init\">\n<fieldset class=\"hidden-fields-container\"><input type=\"hidden\" name=\"_wpcf7\" value=\"22498\" \/><input type=\"hidden\" name=\"_wpcf7_version\" value=\"6.1.2\" \/><input type=\"hidden\" name=\"_wpcf7_locale\" value=\"es_ES\" \/><input type=\"hidden\" name=\"_wpcf7_unit_tag\" value=\"wpcf7-f22498-o1\" \/><input type=\"hidden\" name=\"_wpcf7_container_post\" value=\"0\" \/><input type=\"hidden\" name=\"_wpcf7_posted_data_hash\" value=\"\" \/><input type=\"hidden\" name=\"_wpcf7dtx_version\" value=\"5.0.3\" \/><input type=\"hidden\" name=\"_wpcf7_recaptcha_response\" value=\"\" \/>\n<\/fieldset>\n<p><label> RAZ\u00d3N SOCIAL \/ RAISON SOCIALE<br \/>\n<span class=\"wpcf7-form-control-wrap\" data-name=\"raison-sociale\"><input size=\"40\" maxlength=\"400\" class=\"wpcf7-form-control wpcf7-text wpcf7-validates-as-required\" aria-required=\"true\" aria-invalid=\"false\" value=\"\" type=\"text\" name=\"raison-sociale\" \/><\/span> <\/label>\n<\/p>\n<p><label> PARTICIPANTE \/ PARTICIPANT<br \/>\n<span class=\"wpcf7-form-control-wrap\" data-name=\"PARTICIPANTE\"><input size=\"40\" maxlength=\"400\" class=\"wpcf7-form-control wpcf7-text wpcf7-validates-as-required\" aria-required=\"true\" aria-invalid=\"false\" value=\"\" type=\"text\" name=\"PARTICIPANTE\" \/><\/span> <\/label>\n<\/p>\n<p><label> CARGO \/ FONCTION<br \/>\n<span class=\"wpcf7-form-control-wrap\" data-name=\"CARGO\"><input size=\"40\" maxlength=\"400\" class=\"wpcf7-form-control wpcf7-text wpcf7-validates-as-required\" aria-required=\"true\" aria-invalid=\"false\" value=\"\" type=\"text\" name=\"CARGO\" \/><\/span> <\/label>\n<\/p>\n<p><label> TEL\u00c9FONO DE CONTACTO \/ T\u00c9L\u00c9PHONE<br \/>\n<span class=\"wpcf7-form-control-wrap\" data-name=\"TEL\"><input size=\"40\" maxlength=\"400\" class=\"wpcf7-form-control wpcf7-text wpcf7-validates-as-required\" aria-required=\"true\" aria-invalid=\"false\" value=\"\" type=\"text\" name=\"TEL\" \/><\/span> <\/label>\n<\/p>\n<p><label> EMAIL<br \/>\n<span class=\"wpcf7-form-control-wrap\" data-name=\"EMAIL\"><input size=\"40\" maxlength=\"400\" class=\"wpcf7-form-control wpcf7-text wpcf7-validates-as-required\" aria-required=\"true\" aria-invalid=\"false\" value=\"\" type=\"text\" name=\"EMAIL\" \/><\/span> <\/label>\n<\/p>\n<p><label> ACTIVIDAD DE SU EMPRESA \/ ACTIVIT\u00c9 DE LA SOCI\u00c9T\u00c9<br \/>\n<span class=\"wpcf7-form-control-wrap\" data-name=\"ACTIVIDAD\"><textarea cols=\"40\" rows=\"10\" maxlength=\"2000\" class=\"wpcf7-form-control wpcf7-textarea\" aria-invalid=\"false\" name=\"ACTIVIDAD\"><\/textarea><\/span> <\/label>\n<\/p>\n<p><input class=\"wpcf7-form-control wpcf7-submit has-spinner\" type=\"submit\" value=\"Enviar \/ Envoyer\" \/>\n<\/p><p style=\"display: none !important;\" class=\"akismet-fields-container\" data-prefix=\"_wpcf7_ak_\"><label>&#916;<textarea name=\"_wpcf7_ak_hp_textarea\" cols=\"45\" rows=\"8\" maxlength=\"100\"><\/textarea><\/label><input type=\"hidden\" id=\"ak_js_1\" name=\"_wpcf7_ak_js\" value=\"187\"\/><script>document.getElementById( \"ak_js_1\" ).setAttribute( \"value\", ( new Date() ).getTime() );<\/script><\/p><input type='hidden' class='wpcf7-pum' value='{\"closepopup\":false,\"closedelay\":0,\"openpopup\":false,\"openpopup_id\":0}' \/><div class=\"wpcf7-response-output\" aria-hidden=\"true\"><\/div>\n<\/form>\n<\/div>\n\n","protected":false},"excerpt":{"rendered":"RAZ\u00d3N SOCIAL \/ RAISON SOCIALE PARTICIPANTE \/ PARTICIPANT CARGO \/ FONCTION TEL\u00c9FONO DE CONTACTO \/ T\u00c9L\u00c9PHONE EMAIL ACTIVIDAD DE SU EMPRESA \/ ACTIVIT\u00c9 DE LA SOCI\u00c9T\u00c9<span class=\"excerpt-hellip\"> [\u2026]<\/span>","protected":false},"author":3649,"featured_media":0,"parent":0,"menu_order":0,"comment_status":"closed","ping_status":"closed","template":"","meta":{"footnotes":""},"class_list":["post-22496","page","type-page","status-publish","hentry"],"yoast_head":"<!-- This site is optimized with the Yoast SEO plugin v26.2 - https:\/\/yoast.com\/wordpress\/plugins\/seo\/ -->\n<title>la X-\u00e8me \u00c9dition de la Rencontre Entrepreneuriale Hispano-Marocaine du secteur Maritime, Transport et Logistique - CECIT<\/title>\n<meta name=\"robots\" content=\"index, follow, max-snippet:-1, max-image-preview:large, max-video-preview:-1\" \/>\n<link rel=\"canonical\" href=\"https:\/\/cecit.es\/fr\/inscription-mtl\/\" \/>\n<meta property=\"og:locale\" content=\"fr_FR\" \/>\n<meta property=\"og:type\" content=\"article\" \/>\n<meta property=\"og:title\" content=\"la X-\u00e8me \u00c9dition de la Rencontre Entrepreneuriale Hispano-Marocaine du secteur Maritime, Transport et Logistique - CECIT\" \/>\n<meta property=\"og:url\" content=\"https:\/\/cecit.es\/fr\/inscription-mtl\/\" \/>\n<meta property=\"og:site_name\" content=\"CECIT\" \/>\n<meta property=\"article:publisher\" content=\"https:\/\/www.facebook.com\/camaratanger\/\" \/>\n<meta property=\"article:modified_time\" content=\"2024-05-08T08:43:48+00:00\" \/>\n<meta property=\"og:image\" content=\"https:\/\/cecit.es\/wp-content\/uploads\/2024\/05\/maritime.jpg\" \/>\n<meta name=\"twitter:card\" content=\"summary_large_image\" \/>\n<meta name=\"twitter:label1\" content=\"Dur\u00e9e de lecture estim\u00e9e\" \/>\n\t<meta name=\"twitter:data1\" content=\"1 minute\" \/>\n<script type=\"application\/ld+json\" class=\"yoast-schema-graph\">{\"@context\":\"https:\/\/schema.org\",\"@graph\":[{\"@type\":\"WebPage\",\"@id\":\"https:\/\/cecit.es\/fr\/inscription-mtl\/\",\"url\":\"https:\/\/cecit.es\/fr\/inscription-mtl\/\",\"name\":\"la X-\u00e8me \u00c9dition de la Rencontre Entrepreneuriale Hispano-Marocaine du secteur Maritime, Transport et Logistique - CECIT\",\"isPartOf\":{\"@id\":\"https:\/\/cecit.es\/fr\/#website\"},\"primaryImageOfPage\":{\"@id\":\"https:\/\/cecit.es\/fr\/inscription-mtl\/#primaryimage\"},\"image\":{\"@id\":\"https:\/\/cecit.es\/fr\/inscription-mtl\/#primaryimage\"},\"thumbnailUrl\":\"https:\/\/cecit.es\/wp-content\/uploads\/2024\/05\/maritime.jpg\",\"datePublished\":\"2024-05-08T08:42:40+00:00\",\"dateModified\":\"2024-05-08T08:43:48+00:00\",\"breadcrumb\":{\"@id\":\"https:\/\/cecit.es\/fr\/inscription-mtl\/#breadcrumb\"},\"inLanguage\":\"fr-FR\",\"potentialAction\":[{\"@type\":\"ReadAction\",\"target\":[\"https:\/\/cecit.es\/fr\/inscription-mtl\/\"]}]},{\"@type\":\"ImageObject\",\"inLanguage\":\"fr-FR\",\"@id\":\"https:\/\/cecit.es\/fr\/inscription-mtl\/#primaryimage\",\"url\":\"https:\/\/cecit.es\/wp-content\/uploads\/2024\/05\/maritime.jpg\",\"contentUrl\":\"https:\/\/cecit.es\/wp-content\/uploads\/2024\/05\/maritime.jpg\"},{\"@type\":\"BreadcrumbList\",\"@id\":\"https:\/\/cecit.es\/fr\/inscription-mtl\/#breadcrumb\",\"itemListElement\":[{\"@type\":\"ListItem\",\"position\":1,\"name\":\"Portada\",\"item\":\"https:\/\/cecit.es\/fr\/\"},{\"@type\":\"ListItem\",\"position\":2,\"name\":\"la X-\u00e8me \u00c9dition de la Rencontre Entrepreneuriale Hispano-Marocaine du secteur Maritime, Transport et Logistique\"}]},{\"@type\":\"WebSite\",\"@id\":\"https:\/\/cecit.es\/fr\/#website\",\"url\":\"https:\/\/cecit.es\/fr\/\",\"name\":\"CECIT\",\"description\":\"Chambre de commerce officielle d&#039;Espagne \u00e0 Tanger\",\"publisher\":{\"@id\":\"https:\/\/cecit.es\/fr\/#organization\"},\"potentialAction\":[{\"@type\":\"SearchAction\",\"target\":{\"@type\":\"EntryPoint\",\"urlTemplate\":\"https:\/\/cecit.es\/fr\/?s={search_term_string}\"},\"query-input\":{\"@type\":\"PropertyValueSpecification\",\"valueRequired\":true,\"valueName\":\"search_term_string\"}}],\"inLanguage\":\"fr-FR\"},{\"@type\":\"Organization\",\"@id\":\"https:\/\/cecit.es\/fr\/#organization\",\"name\":\"C\u00e1mara Oficial de Comercio de Espa\u00f1a en T\u00e1nger\",\"url\":\"https:\/\/cecit.es\/fr\/\",\"logo\":{\"@type\":\"ImageObject\",\"inLanguage\":\"fr-FR\",\"@id\":\"https:\/\/cecit.es\/fr\/#\/schema\/logo\/image\/\",\"url\":\"https:\/\/cecit.es\/wp-content\/uploads\/2021\/11\/cecit.png\",\"contentUrl\":\"https:\/\/cecit.es\/wp-content\/uploads\/2021\/11\/cecit.png\",\"width\":800,\"height\":493,\"caption\":\"C\u00e1mara Oficial de Comercio de Espa\u00f1a en T\u00e1nger\"},\"image\":{\"@id\":\"https:\/\/cecit.es\/fr\/#\/schema\/logo\/image\/\"},\"sameAs\":[\"https:\/\/www.facebook.com\/camaratanger\/\"]}]}<\/script>\n<!-- \/ Yoast SEO plugin. -->","yoast_head_json":{"title":"la X-\u00e8me \u00c9dition de la Rencontre Entrepreneuriale Hispano-Marocaine du secteur Maritime, Transport et Logistique - CECIT","robots":{"index":"index","follow":"follow","max-snippet":"max-snippet:-1","max-image-preview":"max-image-preview:large","max-video-preview":"max-video-preview:-1"},"canonical":"https:\/\/cecit.es\/fr\/inscription-mtl\/","og_locale":"fr_FR","og_type":"article","og_title":"la X-\u00e8me \u00c9dition de la Rencontre Entrepreneuriale Hispano-Marocaine du secteur Maritime, Transport et Logistique - CECIT","og_url":"https:\/\/cecit.es\/fr\/inscription-mtl\/","og_site_name":"CECIT","article_publisher":"https:\/\/www.facebook.com\/camaratanger\/","article_modified_time":"2024-05-08T08:43:48+00:00","og_image":[{"url":"https:\/\/cecit.es\/wp-content\/uploads\/2024\/05\/maritime.jpg","type":"","width":"","height":""}],"twitter_card":"summary_large_image","twitter_misc":{"Dur\u00e9e de lecture estim\u00e9e":"1 minute"},"schema":{"@context":"https:\/\/schema.org","@graph":[{"@type":"WebPage","@id":"https:\/\/cecit.es\/fr\/inscription-mtl\/","url":"https:\/\/cecit.es\/fr\/inscription-mtl\/","name":"la X-\u00e8me \u00c9dition de la Rencontre Entrepreneuriale Hispano-Marocaine du secteur Maritime, Transport et Logistique - CECIT","isPartOf":{"@id":"https:\/\/cecit.es\/fr\/#website"},"primaryImageOfPage":{"@id":"https:\/\/cecit.es\/fr\/inscription-mtl\/#primaryimage"},"image":{"@id":"https:\/\/cecit.es\/fr\/inscription-mtl\/#primaryimage"},"thumbnailUrl":"https:\/\/cecit.es\/wp-content\/uploads\/2024\/05\/maritime.jpg","datePublished":"2024-05-08T08:42:40+00:00","dateModified":"2024-05-08T08:43:48+00:00","breadcrumb":{"@id":"https:\/\/cecit.es\/fr\/inscription-mtl\/#breadcrumb"},"inLanguage":"fr-FR","potentialAction":[{"@type":"ReadAction","target":["https:\/\/cecit.es\/fr\/inscription-mtl\/"]}]},{"@type":"ImageObject","inLanguage":"fr-FR","@id":"https:\/\/cecit.es\/fr\/inscription-mtl\/#primaryimage","url":"https:\/\/cecit.es\/wp-content\/uploads\/2024\/05\/maritime.jpg","contentUrl":"https:\/\/cecit.es\/wp-content\/uploads\/2024\/05\/maritime.jpg"},{"@type":"BreadcrumbList","@id":"https:\/\/cecit.es\/fr\/inscription-mtl\/#breadcrumb","itemListElement":[{"@type":"ListItem","position":1,"name":"Portada","item":"https:\/\/cecit.es\/fr\/"},{"@type":"ListItem","position":2,"name":"la X-\u00e8me \u00c9dition de la Rencontre Entrepreneuriale Hispano-Marocaine du secteur Maritime, Transport et Logistique"}]},{"@type":"WebSite","@id":"https:\/\/cecit.es\/fr\/#website","url":"https:\/\/cecit.es\/fr\/","name":"CECIT","description":"Chambre de commerce officielle d&#039;Espagne \u00e0 Tanger","publisher":{"@id":"https:\/\/cecit.es\/fr\/#organization"},"potentialAction":[{"@type":"SearchAction","target":{"@type":"EntryPoint","urlTemplate":"https:\/\/cecit.es\/fr\/?s={search_term_string}"},"query-input":{"@type":"PropertyValueSpecification","valueRequired":true,"valueName":"search_term_string"}}],"inLanguage":"fr-FR"},{"@type":"Organization","@id":"https:\/\/cecit.es\/fr\/#organization","name":"C\u00e1mara Oficial de Comercio de Espa\u00f1a en T\u00e1nger","url":"https:\/\/cecit.es\/fr\/","logo":{"@type":"ImageObject","inLanguage":"fr-FR","@id":"https:\/\/cecit.es\/fr\/#\/schema\/logo\/image\/","url":"https:\/\/cecit.es\/wp-content\/uploads\/2021\/11\/cecit.png","contentUrl":"https:\/\/cecit.es\/wp-content\/uploads\/2021\/11\/cecit.png","width":800,"height":493,"caption":"C\u00e1mara Oficial de Comercio de Espa\u00f1a en T\u00e1nger"},"image":{"@id":"https:\/\/cecit.es\/fr\/#\/schema\/logo\/image\/"},"sameAs":["https:\/\/www.facebook.com\/camaratanger\/"]}]}},"_links":{"self":[{"href":"https:\/\/cecit.es\/fr\/wp-json\/wp\/v2\/pages\/22496","targetHints":{"allow":["GET"]}}],"collection":[{"href":"https:\/\/cecit.es\/fr\/wp-json\/wp\/v2\/pages"}],"about":[{"href":"https:\/\/cecit.es\/fr\/wp-json\/wp\/v2\/types\/page"}],"author":[{"embeddable":true,"href":"https:\/\/cecit.es\/fr\/wp-json\/wp\/v2\/users\/3649"}],"replies":[{"embeddable":true,"href":"https:\/\/cecit.es\/fr\/wp-json\/wp\/v2\/comments?post=22496"}],"version-history":[{"count":1,"href":"https:\/\/cecit.es\/fr\/wp-json\/wp\/v2\/pages\/22496\/revisions"}],"predecessor-version":[{"id":22499,"href":"https:\/\/cecit.es\/fr\/wp-json\/wp\/v2\/pages\/22496\/revisions\/22499"}],"wp:attachment":[{"href":"https:\/\/cecit.es\/fr\/wp-json\/wp\/v2\/media?parent=22496"}],"curies":[{"name":"wp","href":"https:\/\/api.w.org\/{rel}","templated":true}]}}