{"id":14724,"date":"2021-12-29T12:48:59","date_gmt":"2021-12-29T11:48:59","guid":{"rendered":"https:\/\/cecit.es\/membres-premium\/"},"modified":"2024-04-23T10:52:58","modified_gmt":"2024-04-23T09:52:58","slug":"membres-premium","status":"publish","type":"page","link":"https:\/\/cecit.es\/fr\/membres-premium\/","title":{"rendered":"MEMBRES PREMIUM"},"content":{"rendered":"<div class=\"wpb-content-wrapper\"><p>[vc_row css=&#8221;.vc_custom_1592510677798{margin-top: 30px !important;}&#8221;][vc_column width=&#8221;1\/2&#8243;][vc_row_inner content_placement=&#8221;middle&#8221; css=&#8221;.vc_custom_1611538800179{margin-bottom: -10px !important;}&#8221;][vc_column_inner width=&#8221;1\/2&#8243;][vc_custom_heading text=&#8221;GROUPO RENAULT&#8221; font_container=&#8221;tag:h3|text_align:left&#8221; use_theme_fonts=&#8221;yes&#8221;][vc_btn title=&#8221;Ver el Perfil&#8221; style=&#8221;custom&#8221; custom_background=&#8221;#c31038&#8243; custom_text=&#8221;#ffffff&#8221; size=&#8221;xs&#8221; link=&#8221;url:http%3A%2F%2Fcecit.es%2Fprofil%2Fcommunication.tangerrenault-com%2F|||&#8221;][\/vc_column_inner][vc_column_inner width=&#8221;1\/2&#8243;][vc_single_image image=&#8221;3737&#8243; alignment=&#8221;right&#8221; onclick=&#8221;link_image&#8221;][\/vc_column_inner][\/vc_row_inner][vc_video link=&#8221;https:\/\/www.youtube.com\/watch?v=ccp3WIxelOQ&#8221;][\/vc_column][vc_column width=&#8221;1\/2&#8243;][vc_row_inner content_placement=&#8221;middle&#8221; css=&#8221;.vc_custom_1611538800179{margin-bottom: -10px !important;}&#8221;][vc_column_inner width=&#8221;1\/2&#8243;][vc_custom_heading text=&#8221;VALEO&#8221; font_container=&#8221;tag:h3|text_align:left&#8221; use_theme_fonts=&#8221;yes&#8221;][vc_btn title=&#8221;Ver el Perfil&#8221; style=&#8221;custom&#8221; custom_background=&#8221;#c31038&#8243; custom_text=&#8221;#ffffff&#8221; size=&#8221;xs&#8221; link=&#8221;url:http%3A%2F%2Fcecit.es%2Fprofil%2Fkacem.byavaleo-com%2F|||&#8221;][\/vc_column_inner][vc_column_inner width=&#8221;1\/2&#8243;][vc_single_image image=&#8221;3736&#8243; alignment=&#8221;right&#8221; onclick=&#8221;link_image&#8221;][\/vc_column_inner][\/vc_row_inner][vc_video link=&#8221;https:\/\/www.youtube.com\/watch?v=v5EJZMGU414&amp;t=68s&#8221;][\/vc_column][\/vc_row][vc_row css=&#8221;.vc_custom_1592510677798{margin-top: 30px !important;}&#8221;][vc_column width=&#8221;1\/2&#8243;][vc_row_inner content_placement=&#8221;middle&#8221; css=&#8221;.vc_custom_1611538800179{margin-bottom: -10px !important;}&#8221;][vc_column_inner width=&#8221;1\/2&#8243;][vc_custom_heading text=&#8221;GRETIN AUTOMOTIVE&#8221; font_container=&#8221;tag:h3|text_align:left&#8221; use_theme_fonts=&#8221;yes&#8221;][vc_btn title=&#8221;Ver el Perfil&#8221; style=&#8221;custom&#8221; custom_background=&#8221;#c31038&#8243; custom_text=&#8221;#ffffff&#8221; size=&#8221;xs&#8221; link=&#8221;url:https%3A%2F%2Fcecit.es%2Fprofil%2Fwiameamzgmail-com%2F&#8221;][\/vc_column_inner][vc_column_inner width=&#8221;1\/2&#8243;][vc_single_image image=&#8221;22419&#8243; alignment=&#8221;right&#8221; onclick=&#8221;link_image&#8221;][\/vc_column_inner][\/vc_row_inner][vc_video link=&#8221;&#8221;][\/vc_column][vc_column width=&#8221;1\/2&#8243;][vc_row_inner content_placement=&#8221;middle&#8221; css=&#8221;.vc_custom_1611538800179{margin-bottom: -10px !important;}&#8221;][vc_column_inner width=&#8221;1\/2&#8243;][vc_custom_heading text=&#8221;GROUPO ANTOLIN&#8221; font_container=&#8221;tag:h3|text_align:left&#8221; use_theme_fonts=&#8221;yes&#8221;][vc_btn title=&#8221;Ver el Perfil&#8221; style=&#8221;custom&#8221; custom_background=&#8221;#c31038&#8243; custom_text=&#8221;#ffffff&#8221; size=&#8221;xs&#8221; link=&#8221;url:http%3A%2F%2Fcecit.es%2Fprofil%2Finssaf.ihbangrupoantolin-com%2F|||&#8221;][\/vc_column_inner][vc_column_inner width=&#8221;1\/2&#8243;][vc_single_image image=&#8221;22429&#8243; alignment=&#8221;right&#8221; onclick=&#8221;link_image&#8221;][\/vc_column_inner][\/vc_row_inner][vc_video link=&#8221;https:\/\/www.youtube.com\/watch?v=FzbWSLbL_8A&#8221;][\/vc_column][\/vc_row][vc_row css=&#8221;.vc_custom_1592510677798{margin-top: 30px !important;}&#8221;][vc_column width=&#8221;1\/2&#8243;][vc_row_inner content_placement=&#8221;middle&#8221; css=&#8221;.vc_custom_1611538800179{margin-bottom: -10px !important;}&#8221;][vc_column_inner width=&#8221;1\/2&#8243;][vc_custom_heading text=&#8221;STANDARDS PROFIL&#8221; font_container=&#8221;tag:h3|text_align:left&#8221; use_theme_fonts=&#8221;yes&#8221;][vc_btn title=&#8221;Ver el Perfil&#8221; style=&#8221;custom&#8221; custom_background=&#8221;#c31038&#8243; custom_text=&#8221;#ffffff&#8221; size=&#8221;xs&#8221; link=&#8221;url:http%3A%2F%2Fcecit.es%2Fprofil%2Finfomoroccostandardprofil-com%2F|||&#8221;][\/vc_column_inner][vc_column_inner width=&#8221;1\/2&#8243;][vc_single_image image=&#8221;2956&#8243; alignment=&#8221;right&#8221; onclick=&#8221;link_image&#8221;][\/vc_column_inner][\/vc_row_inner][vc_video link=&#8221;https:\/\/www.youtube.com\/watch?v=QmiGjFBn2kg&#8221;][\/vc_column][vc_column width=&#8221;1\/2&#8243;][vc_row_inner content_placement=&#8221;middle&#8221; css=&#8221;.vc_custom_1611538800179{margin-bottom: -10px !important;}&#8221;][vc_column_inner width=&#8221;1\/2&#8243;][vc_custom_heading text=&#8221;TRASMEDITERRANEA&#8221; font_container=&#8221;tag:h3|text_align:left&#8221; use_theme_fonts=&#8221;yes&#8221;][vc_btn title=&#8221;Ver el Perfil&#8221; style=&#8221;custom&#8221; custom_background=&#8221;#c31038&#8243; custom_text=&#8221;#ffffff&#8221; size=&#8221;xs&#8221; link=&#8221;url:https%3A%2F%2Fcecit.es%2Fprofil%2Faliatrasmediterranea-es%2F&#8221;][\/vc_column_inner][vc_column_inner width=&#8221;1\/2&#8243;][vc_single_image image=&#8221;22431&#8243; alignment=&#8221;right&#8221; onclick=&#8221;link_image&#8221;][\/vc_column_inner][\/vc_row_inner][\/vc_column][\/vc_row][vc_row css=&#8221;.vc_custom_1592510677798{margin-top: 30px !important;}&#8221;][vc_column width=&#8221;1\/2&#8243;][vc_row_inner content_placement=&#8221;middle&#8221; css=&#8221;.vc_custom_1611538800179{margin-bottom: -10px !important;}&#8221;][vc_column_inner width=&#8221;1\/2&#8243;][vc_custom_heading text=&#8221;KOSTAL&#8221; font_container=&#8221;tag:h3|text_align:left&#8221; use_theme_fonts=&#8221;yes&#8221;][vc_btn title=&#8221;Ver el Perfil&#8221; style=&#8221;custom&#8221; custom_background=&#8221;#c31038&#8243; custom_text=&#8221;#ffffff&#8221; size=&#8221;xs&#8221; link=&#8221;url:https%3A%2F%2Fcecit.es%2Fprofil%2Fkostal%2F&#8221;][\/vc_column_inner][vc_column_inner width=&#8221;1\/2&#8243;][vc_single_image image=&#8221;22433&#8243; alignment=&#8221;right&#8221; onclick=&#8221;link_image&#8221;][\/vc_column_inner][\/vc_row_inner][vc_video link=&#8221;&#8221;][\/vc_column][\/vc_row]<\/p>\n<\/div>","protected":false},"excerpt":{"rendered":"<p>[vc_row css=&#8221;.vc_custom_1592510677798{margin-top: 30px !important;}&#8221;][vc_column width=&#8221;1\/2&#8243;][vc_row_inner content_placement=&#8221;middle&#8221; css=&#8221;.vc_custom_1611538800179{margin-bottom: -10px !important;}&#8221;][vc_column_inner width=&#8221;1\/2&#8243;][vc_custom_heading text=&#8221;GROUPO RENAULT&#8221; font_container=&#8221;tag:h3|text_align:left&#8221; use_theme_fonts=&#8221;yes&#8221;][vc_btn title=&#8221;Ver el Perfil&#8221; style=&#8221;custom&#8221; custom_background=&#8221;#c31038&#8243; custom_text=&#8221;#ffffff&#8221; size=&#8221;xs&#8221; link=&#8221;url:http%3A%2F%2Fcecit.es%2Fprofil%2Fcommunication.tangerrenault-com%2F|||&#8221;][\/vc_column_inner][vc_column_inner width=&#8221;1\/2&#8243;][vc_single_image image=&#8221;3737&#8243; alignment=&#8221;right&#8221; onclick=&#8221;link_image&#8221;][\/vc_column_inner][\/vc_row_inner][vc_video<span class=\"excerpt-hellip\"> [\u2026]<\/span><\/p>\n","protected":false},"author":1,"featured_media":0,"parent":0,"menu_order":0,"comment_status":"closed","ping_status":"closed","template":"","meta":{"footnotes":""},"class_list":["post-14724","page","type-page","status-publish","hentry"],"yoast_head":"<!-- This site is optimized with the Yoast SEO plugin v26.2 - https:\/\/yoast.com\/wordpress\/plugins\/seo\/ -->\n<title>MEMBRES PREMIUM - CECIT<\/title>\n<meta name=\"robots\" content=\"index, follow, max-snippet:-1, max-image-preview:large, max-video-preview:-1\" \/>\n<link rel=\"canonical\" href=\"https:\/\/cecit.es\/fr\/membres-premium\/\" \/>\n<meta property=\"og:locale\" content=\"fr_FR\" \/>\n<meta property=\"og:type\" content=\"article\" \/>\n<meta property=\"og:title\" content=\"MEMBRES PREMIUM - CECIT\" \/>\n<meta property=\"og:description\" content=\"[vc_row css=&#8221;.vc_custom_1592510677798{margin-top: 30px !important;}&#8221;][vc_column width=&#8221;1\/2&#8243;][vc_row_inner content_placement=&#8221;middle&#8221; css=&#8221;.vc_custom_1611538800179{margin-bottom: -10px !important;}&#8221;][vc_column_inner width=&#8221;1\/2&#8243;][vc_custom_heading text=&#8221;GROUPO RENAULT&#8221; font_container=&#8221;tag:h3|text_align:left&#8221; use_theme_fonts=&#8221;yes&#8221;][vc_btn title=&#8221;Ver el Perfil&#8221; style=&#8221;custom&#8221; custom_background=&#8221;#c31038&#8243; custom_text=&#8221;#ffffff&#8221; size=&#8221;xs&#8221; link=&#8221;url:http%3A%2F%2Fcecit.es%2Fprofil%2Fcommunication.tangerrenault-com%2F|||&#8221;][\/vc_column_inner][vc_column_inner width=&#8221;1\/2&#8243;][vc_single_image image=&#8221;3737&#8243; alignment=&#8221;right&#8221; onclick=&#8221;link_image&#8221;][\/vc_column_inner][\/vc_row_inner][vc_video [\u2026]\" \/>\n<meta property=\"og:url\" content=\"https:\/\/cecit.es\/fr\/membres-premium\/\" \/>\n<meta property=\"og:site_name\" content=\"CECIT\" \/>\n<meta property=\"article:publisher\" content=\"https:\/\/www.facebook.com\/camaratanger\/\" \/>\n<meta property=\"article:modified_time\" content=\"2024-04-23T09:52:58+00:00\" \/>\n<meta name=\"twitter:card\" content=\"summary_large_image\" \/>\n<meta name=\"twitter:label1\" content=\"Dur\u00e9e de lecture estim\u00e9e\" \/>\n\t<meta name=\"twitter:data1\" content=\"1 minute\" \/>\n<script type=\"application\/ld+json\" class=\"yoast-schema-graph\">{\"@context\":\"https:\/\/schema.org\",\"@graph\":[{\"@type\":\"WebPage\",\"@id\":\"https:\/\/cecit.es\/fr\/membres-premium\/\",\"url\":\"https:\/\/cecit.es\/fr\/membres-premium\/\",\"name\":\"MEMBRES PREMIUM - CECIT\",\"isPartOf\":{\"@id\":\"https:\/\/cecit.es\/fr\/#website\"},\"datePublished\":\"2021-12-29T11:48:59+00:00\",\"dateModified\":\"2024-04-23T09:52:58+00:00\",\"breadcrumb\":{\"@id\":\"https:\/\/cecit.es\/fr\/membres-premium\/#breadcrumb\"},\"inLanguage\":\"fr-FR\",\"potentialAction\":[{\"@type\":\"ReadAction\",\"target\":[\"https:\/\/cecit.es\/fr\/membres-premium\/\"]}]},{\"@type\":\"BreadcrumbList\",\"@id\":\"https:\/\/cecit.es\/fr\/membres-premium\/#breadcrumb\",\"itemListElement\":[{\"@type\":\"ListItem\",\"position\":1,\"name\":\"Portada\",\"item\":\"https:\/\/cecit.es\/fr\/\"},{\"@type\":\"ListItem\",\"position\":2,\"name\":\"MEMBRES PREMIUM\"}]},{\"@type\":\"WebSite\",\"@id\":\"https:\/\/cecit.es\/fr\/#website\",\"url\":\"https:\/\/cecit.es\/fr\/\",\"name\":\"CECIT\",\"description\":\"Chambre de commerce officielle d&#039;Espagne \u00e0 Tanger\",\"publisher\":{\"@id\":\"https:\/\/cecit.es\/fr\/#organization\"},\"potentialAction\":[{\"@type\":\"SearchAction\",\"target\":{\"@type\":\"EntryPoint\",\"urlTemplate\":\"https:\/\/cecit.es\/fr\/?s={search_term_string}\"},\"query-input\":{\"@type\":\"PropertyValueSpecification\",\"valueRequired\":true,\"valueName\":\"search_term_string\"}}],\"inLanguage\":\"fr-FR\"},{\"@type\":\"Organization\",\"@id\":\"https:\/\/cecit.es\/fr\/#organization\",\"name\":\"C\u00e1mara Oficial de Comercio de Espa\u00f1a en T\u00e1nger\",\"url\":\"https:\/\/cecit.es\/fr\/\",\"logo\":{\"@type\":\"ImageObject\",\"inLanguage\":\"fr-FR\",\"@id\":\"https:\/\/cecit.es\/fr\/#\/schema\/logo\/image\/\",\"url\":\"https:\/\/cecit.es\/wp-content\/uploads\/2021\/11\/cecit.png\",\"contentUrl\":\"https:\/\/cecit.es\/wp-content\/uploads\/2021\/11\/cecit.png\",\"width\":800,\"height\":493,\"caption\":\"C\u00e1mara Oficial de Comercio de Espa\u00f1a en T\u00e1nger\"},\"image\":{\"@id\":\"https:\/\/cecit.es\/fr\/#\/schema\/logo\/image\/\"},\"sameAs\":[\"https:\/\/www.facebook.com\/camaratanger\/\"]}]}<\/script>\n<!-- \/ Yoast SEO plugin. -->","yoast_head_json":{"title":"MEMBRES PREMIUM - CECIT","robots":{"index":"index","follow":"follow","max-snippet":"max-snippet:-1","max-image-preview":"max-image-preview:large","max-video-preview":"max-video-preview:-1"},"canonical":"https:\/\/cecit.es\/fr\/membres-premium\/","og_locale":"fr_FR","og_type":"article","og_title":"MEMBRES PREMIUM - CECIT","og_description":"[vc_row css=&#8221;.vc_custom_1592510677798{margin-top: 30px !important;}&#8221;][vc_column width=&#8221;1\/2&#8243;][vc_row_inner content_placement=&#8221;middle&#8221; css=&#8221;.vc_custom_1611538800179{margin-bottom: -10px !important;}&#8221;][vc_column_inner width=&#8221;1\/2&#8243;][vc_custom_heading text=&#8221;GROUPO RENAULT&#8221; font_container=&#8221;tag:h3|text_align:left&#8221; use_theme_fonts=&#8221;yes&#8221;][vc_btn title=&#8221;Ver el Perfil&#8221; style=&#8221;custom&#8221; custom_background=&#8221;#c31038&#8243; custom_text=&#8221;#ffffff&#8221; size=&#8221;xs&#8221; link=&#8221;url:http%3A%2F%2Fcecit.es%2Fprofil%2Fcommunication.tangerrenault-com%2F|||&#8221;][\/vc_column_inner][vc_column_inner width=&#8221;1\/2&#8243;][vc_single_image image=&#8221;3737&#8243; alignment=&#8221;right&#8221; onclick=&#8221;link_image&#8221;][\/vc_column_inner][\/vc_row_inner][vc_video [\u2026]","og_url":"https:\/\/cecit.es\/fr\/membres-premium\/","og_site_name":"CECIT","article_publisher":"https:\/\/www.facebook.com\/camaratanger\/","article_modified_time":"2024-04-23T09:52:58+00:00","twitter_card":"summary_large_image","twitter_misc":{"Dur\u00e9e de lecture estim\u00e9e":"1 minute"},"schema":{"@context":"https:\/\/schema.org","@graph":[{"@type":"WebPage","@id":"https:\/\/cecit.es\/fr\/membres-premium\/","url":"https:\/\/cecit.es\/fr\/membres-premium\/","name":"MEMBRES PREMIUM - CECIT","isPartOf":{"@id":"https:\/\/cecit.es\/fr\/#website"},"datePublished":"2021-12-29T11:48:59+00:00","dateModified":"2024-04-23T09:52:58+00:00","breadcrumb":{"@id":"https:\/\/cecit.es\/fr\/membres-premium\/#breadcrumb"},"inLanguage":"fr-FR","potentialAction":[{"@type":"ReadAction","target":["https:\/\/cecit.es\/fr\/membres-premium\/"]}]},{"@type":"BreadcrumbList","@id":"https:\/\/cecit.es\/fr\/membres-premium\/#breadcrumb","itemListElement":[{"@type":"ListItem","position":1,"name":"Portada","item":"https:\/\/cecit.es\/fr\/"},{"@type":"ListItem","position":2,"name":"MEMBRES PREMIUM"}]},{"@type":"WebSite","@id":"https:\/\/cecit.es\/fr\/#website","url":"https:\/\/cecit.es\/fr\/","name":"CECIT","description":"Chambre de commerce officielle d&#039;Espagne \u00e0 Tanger","publisher":{"@id":"https:\/\/cecit.es\/fr\/#organization"},"potentialAction":[{"@type":"SearchAction","target":{"@type":"EntryPoint","urlTemplate":"https:\/\/cecit.es\/fr\/?s={search_term_string}"},"query-input":{"@type":"PropertyValueSpecification","valueRequired":true,"valueName":"search_term_string"}}],"inLanguage":"fr-FR"},{"@type":"Organization","@id":"https:\/\/cecit.es\/fr\/#organization","name":"C\u00e1mara Oficial de Comercio de Espa\u00f1a en T\u00e1nger","url":"https:\/\/cecit.es\/fr\/","logo":{"@type":"ImageObject","inLanguage":"fr-FR","@id":"https:\/\/cecit.es\/fr\/#\/schema\/logo\/image\/","url":"https:\/\/cecit.es\/wp-content\/uploads\/2021\/11\/cecit.png","contentUrl":"https:\/\/cecit.es\/wp-content\/uploads\/2021\/11\/cecit.png","width":800,"height":493,"caption":"C\u00e1mara Oficial de Comercio de Espa\u00f1a en T\u00e1nger"},"image":{"@id":"https:\/\/cecit.es\/fr\/#\/schema\/logo\/image\/"},"sameAs":["https:\/\/www.facebook.com\/camaratanger\/"]}]}},"_links":{"self":[{"href":"https:\/\/cecit.es\/fr\/wp-json\/wp\/v2\/pages\/14724","targetHints":{"allow":["GET"]}}],"collection":[{"href":"https:\/\/cecit.es\/fr\/wp-json\/wp\/v2\/pages"}],"about":[{"href":"https:\/\/cecit.es\/fr\/wp-json\/wp\/v2\/types\/page"}],"author":[{"embeddable":true,"href":"https:\/\/cecit.es\/fr\/wp-json\/wp\/v2\/users\/1"}],"replies":[{"embeddable":true,"href":"https:\/\/cecit.es\/fr\/wp-json\/wp\/v2\/comments?post=14724"}],"version-history":[{"count":3,"href":"https:\/\/cecit.es\/fr\/wp-json\/wp\/v2\/pages\/14724\/revisions"}],"predecessor-version":[{"id":22436,"href":"https:\/\/cecit.es\/fr\/wp-json\/wp\/v2\/pages\/14724\/revisions\/22436"}],"wp:attachment":[{"href":"https:\/\/cecit.es\/fr\/wp-json\/wp\/v2\/media?parent=14724"}],"curies":[{"name":"wp","href":"https:\/\/api.w.org\/{rel}","templated":true}]}}