{"id":14695,"date":"2021-12-29T11:45:09","date_gmt":"2021-12-29T10:45:09","guid":{"rendered":"https:\/\/cecit.es\/calendrier\/"},"modified":"2021-12-29T11:45:09","modified_gmt":"2021-12-29T10:45:09","slug":"calendrier","status":"publish","type":"page","link":"https:\/\/cecit.es\/fr\/calendrier\/","title":{"rendered":"Calendrier"},"content":{"rendered":"<div class=\"wpb-content-wrapper\"><p>[vc_row css=&#8221;.vc_custom_1612980136666{margin-top: 40px !important;}&#8221;][vc_column][vc_row_inner content_placement=&#8221;middle&#8221; css=&#8221;.vc_custom_1616109315242{margin-bottom: 10px !important;border-top-width: 2px !important;border-right-width: 2px !important;border-bottom-width: 2px !important;border-left-width: 2px !important;padding-top: -10px !important;border-left-color: #e6e6e6 !important;border-left-style: solid !important;border-right-color: #e6e6e6 !important;border-right-style: solid !important;border-top-color: #e6e6e6 !important;border-top-style: solid !important;border-bottom-color: #e6e6e6 !important;border-bottom-style: solid !important;}&#8221;][vc_column_inner width=&#8221;1\/4&#8243; css=&#8221;.vc_custom_1616109412109{padding-top: 10px !important;}&#8221;][vc_icon icon_fontawesome=&#8221;fa fa-square&#8221; color=&#8221;custom&#8221; custom_color=&#8221;#c31038&#8243; css=&#8221;.vc_custom_1616109025857{margin-bottom: -40px !important;}&#8221;][vc_column_text css=&#8221;.vc_custom_1616108856084{margin-left: 47px !important;}&#8221;]\u00c9v\u00e9nements de la Chambre[\/vc_column_text][\/vc_column_inner][vc_column_inner width=&#8221;1\/4&#8243; css=&#8221;.vc_custom_1616109463629{padding-top: 10px !important;}&#8221;][vc_icon icon_fontawesome=&#8221;fa fa-square&#8221; color=&#8221;custom&#8221; custom_color=&#8221;#00b7ef&#8221; css=&#8221;.vc_custom_1616152766562{margin-bottom: -40px !important;}&#8221;][vc_column_text css=&#8221;.vc_custom_1616109129093{margin-left: 47px !important;}&#8221;]\u00c9v\u00e9nements des membres[\/vc_column_text][\/vc_column_inner][vc_column_inner width=&#8221;1\/4&#8243; css=&#8221;.vc_custom_1616109477105{padding-top: 10px !important;}&#8221;][vc_icon icon_fontawesome=&#8221;fa fa-square&#8221; color=&#8221;custom&#8221; custom_color=&#8221;#ffd401&#8243; css=&#8221;.vc_custom_1616152780890{margin-bottom: -40px !important;}&#8221;][vc_column_text css=&#8221;.vc_custom_1616109142003{margin-left: 47px !important;}&#8221;]Foires en Espagne[\/vc_column_text][\/vc_column_inner][vc_column_inner width=&#8221;1\/4&#8243; css=&#8221;.vc_custom_1616109490714{padding-top: 10px !important;}&#8221;][vc_icon icon_fontawesome=&#8221;fa fa-square&#8221; color=&#8221;custom&#8221; custom_color=&#8221;#2d9225&#8243; css=&#8221;.vc_custom_1616152059489{margin-bottom: -40px !important;}&#8221;][vc_column_text css=&#8221;.vc_custom_1616113934268{margin-left: 47px !important;}&#8221;]Foires au Maroc[\/vc_column_text][\/vc_column_inner][\/vc_row_inner][vc_column_text]\t\t<div class=\"wpfc-calendar-wrapper\"><form class=\"wpfc-calendar\" id=\"wpfc-calendar-93725\"><\/form><div class=\"wpfc-loading\"><\/div><\/div>\r\n\t\t<div class=\"wpfc-calendar-search\" style=\"display:none;\">\r\n\t\t\t<select  name='category' id='category' class='wpfc-taxonomy category'>\n\t<option value='0'>Toutes<\/option>\n\t<option class=\"level-0\" value=\"1\">Non classifi\u00e9(e)<\/option>\n\t<option class=\"level-0\" value=\"634\">Oportunidades<\/option>\n\t<option class=\"level-1\" value=\"633\">&nbsp;&nbsp;&nbsp;Produits Industriels<\/option>\n\t<option class=\"level-1\" value=\"635\">&nbsp;&nbsp;&nbsp;Bienes de consumo<\/option>\n\t<option class=\"level-0\" value=\"636\">Encuentros empresariales<\/option>\n\t<option class=\"level-0\" value=\"638\">Prochaines activit\u00e9s<\/option>\n\t<option class=\"level-0\" value=\"639\">Journ\u00e9es<\/option>\n\t<option class=\"level-0\" value=\"645\">Visites<\/option>\n\t<option class=\"level-0\" value=\"646\">Networking<\/option>\n\t<option class=\"level-0\" value=\"648\">Salons, foires et forums<\/option>\n\t<option class=\"level-0\" value=\"649\">S\u00e9minaires<\/option>\n\t<option class=\"level-0\" value=\"650\">Webinars<\/option>\n\t<option class=\"level-0\" value=\"652\">Actes institutionnels<\/option>\n\t<option class=\"level-0\" value=\"654\">Actes institutionnels<\/option>\n<\/select>\n\t\t<\/div>\r\n\t\t<script type=\"text\/javascript\">\r\n\t\t\tWPFC.data = {\r\n\t\t\t\taction : 'WP_FullCalendar',\r\n\t\t\t\t'type' : 'post','category' : '178, 173,174,175,176','month' : 4,'year' : 2026,\t\t\t };\r\n\t\t\tWPFC.month = 4;\r\n\t\t\tWPFC.year = 2026;\r\n\t\t<\/script>\r\n\t\t[\/vc_column_text][\/vc_column][\/vc_row][vc_row disable_element=&#8221;yes&#8221; css=&#8221;.vc_custom_1612994694754{margin-top: 40px !important;}&#8221;][vc_column][vc_column_text]\t\t<div class=\"wpfc-calendar-wrapper\"><form class=\"wpfc-calendar\" id=\"wpfc-calendar-56671\"><\/form><div class=\"wpfc-loading\"><\/div><\/div>\r\n\t\t<div class=\"wpfc-calendar-search\" style=\"display:none;\">\r\n\t\t\t<select  name='category' id='category' class='wpfc-taxonomy category'>\n\t<option value='0'>Toutes<\/option>\n\t<option class=\"level-0\" value=\"1\">Non classifi\u00e9(e)<\/option>\n\t<option class=\"level-0\" value=\"634\">Oportunidades<\/option>\n\t<option class=\"level-1\" value=\"633\">&nbsp;&nbsp;&nbsp;Produits Industriels<\/option>\n\t<option class=\"level-1\" value=\"635\">&nbsp;&nbsp;&nbsp;Bienes de consumo<\/option>\n\t<option class=\"level-0\" value=\"636\">Encuentros empresariales<\/option>\n\t<option class=\"level-0\" value=\"638\">Prochaines activit\u00e9s<\/option>\n\t<option class=\"level-0\" value=\"639\">Journ\u00e9es<\/option>\n\t<option class=\"level-0\" value=\"645\">Visites<\/option>\n\t<option class=\"level-0\" value=\"646\">Networking<\/option>\n\t<option class=\"level-0\" value=\"648\">Salons, foires et forums<\/option>\n\t<option class=\"level-0\" value=\"649\">S\u00e9minaires<\/option>\n\t<option class=\"level-0\" value=\"650\">Webinars<\/option>\n\t<option class=\"level-0\" value=\"652\">Actes institutionnels<\/option>\n\t<option class=\"level-0\" value=\"654\">Actes institutionnels<\/option>\n<\/select>\n\t\t<\/div>\r\n\t\t<script type=\"text\/javascript\">\r\n\t\t\tWPFC.data = {\r\n\t\t\t\taction : 'WP_FullCalendar',\r\n\t\t\t\t'type' : 'post','category' : '19, 20, 31, 42, 107, 108, 109, 110, 145, 146, 147','month' : 4,'year' : 2026,\t\t\t };\r\n\t\t\tWPFC.month = 4;\r\n\t\t\tWPFC.year = 2026;\r\n\t\t<\/script>\r\n\t\t[\/vc_column_text][\/vc_column][\/vc_row][vc_row disable_element=&#8221;yes&#8221;][vc_column][vc_column_text]<code>[events_list date=\"\" cat=\"afterwork,cecit-es,desayunos,encuentros,ferias-y-salons,jornada-academicas-es-2,jornada-informativas-es,jornada-tecnicas-es-2,rencontres-es,visitas-es-2,webinar\" choose=\"true\" thumbnail=\"true\" thumbnail_size=\"default<strong>\"<\/strong>]<\/code>[\/vc_column_text][\/vc_column][\/vc_row]<\/p>\n<\/div>","protected":false},"excerpt":{"rendered":"<p>[vc_row css=&#8221;.vc_custom_1612980136666{margin-top: 40px !important;}&#8221;][vc_column][vc_row_inner content_placement=&#8221;middle&#8221; css=&#8221;.vc_custom_1616109315242{margin-bottom: 10px !important;border-top-width: 2px !important;border-right-width: 2px !important;border-bottom-width: 2px !important;border-left-width: 2px !important;padding-top: -10px !important;border-left-color: #e6e6e6 !important;border-left-style: solid !important;border-right-color: #e6e6e6 !important;border-right-style: solid !important;border-top-color:<span class=\"excerpt-hellip\"> [\u2026]<\/span><\/p>\n","protected":false},"author":1,"featured_media":0,"parent":0,"menu_order":0,"comment_status":"closed","ping_status":"closed","template":"","meta":{"footnotes":""},"class_list":["post-14695","page","type-page","status-publish","hentry"],"yoast_head":"<!-- This site is optimized with the Yoast SEO plugin v26.2 - https:\/\/yoast.com\/wordpress\/plugins\/seo\/ -->\n<title>Calendrier - CECIT<\/title>\n<meta name=\"robots\" content=\"index, follow, max-snippet:-1, max-image-preview:large, max-video-preview:-1\" \/>\n<link rel=\"canonical\" href=\"https:\/\/cecit.es\/fr\/calendrier\/\" \/>\n<meta property=\"og:locale\" content=\"fr_FR\" \/>\n<meta property=\"og:type\" content=\"article\" \/>\n<meta property=\"og:title\" content=\"Calendrier - CECIT\" \/>\n<meta property=\"og:description\" content=\"[vc_row css=&#8221;.vc_custom_1612980136666{margin-top: 40px !important;}&#8221;][vc_column][vc_row_inner content_placement=&#8221;middle&#8221; css=&#8221;.vc_custom_1616109315242{margin-bottom: 10px !important;border-top-width: 2px !important;border-right-width: 2px !important;border-bottom-width: 2px !important;border-left-width: 2px !important;padding-top: -10px !important;border-left-color: #e6e6e6 !important;border-left-style: solid !important;border-right-color: #e6e6e6 !important;border-right-style: solid !important;border-top-color: [\u2026]\" \/>\n<meta property=\"og:url\" content=\"https:\/\/cecit.es\/fr\/calendrier\/\" \/>\n<meta property=\"og:site_name\" content=\"CECIT\" \/>\n<meta property=\"article:publisher\" content=\"https:\/\/www.facebook.com\/camaratanger\/\" \/>\n<meta name=\"twitter:card\" content=\"summary_large_image\" \/>\n<meta name=\"twitter:label1\" content=\"Dur\u00e9e de lecture estim\u00e9e\" \/>\n\t<meta name=\"twitter:data1\" content=\"2 minutes\" \/>\n<script type=\"application\/ld+json\" class=\"yoast-schema-graph\">{\"@context\":\"https:\/\/schema.org\",\"@graph\":[{\"@type\":\"WebPage\",\"@id\":\"https:\/\/cecit.es\/fr\/calendrier\/\",\"url\":\"https:\/\/cecit.es\/fr\/calendrier\/\",\"name\":\"Calendrier - CECIT\",\"isPartOf\":{\"@id\":\"https:\/\/cecit.es\/fr\/#website\"},\"datePublished\":\"2021-12-29T10:45:09+00:00\",\"breadcrumb\":{\"@id\":\"https:\/\/cecit.es\/fr\/calendrier\/#breadcrumb\"},\"inLanguage\":\"fr-FR\",\"potentialAction\":[{\"@type\":\"ReadAction\",\"target\":[\"https:\/\/cecit.es\/fr\/calendrier\/\"]}]},{\"@type\":\"BreadcrumbList\",\"@id\":\"https:\/\/cecit.es\/fr\/calendrier\/#breadcrumb\",\"itemListElement\":[{\"@type\":\"ListItem\",\"position\":1,\"name\":\"Portada\",\"item\":\"https:\/\/cecit.es\/fr\/\"},{\"@type\":\"ListItem\",\"position\":2,\"name\":\"Calendrier\"}]},{\"@type\":\"WebSite\",\"@id\":\"https:\/\/cecit.es\/fr\/#website\",\"url\":\"https:\/\/cecit.es\/fr\/\",\"name\":\"CECIT\",\"description\":\"Chambre de commerce officielle d&#039;Espagne \u00e0 Tanger\",\"publisher\":{\"@id\":\"https:\/\/cecit.es\/fr\/#organization\"},\"potentialAction\":[{\"@type\":\"SearchAction\",\"target\":{\"@type\":\"EntryPoint\",\"urlTemplate\":\"https:\/\/cecit.es\/fr\/?s={search_term_string}\"},\"query-input\":{\"@type\":\"PropertyValueSpecification\",\"valueRequired\":true,\"valueName\":\"search_term_string\"}}],\"inLanguage\":\"fr-FR\"},{\"@type\":\"Organization\",\"@id\":\"https:\/\/cecit.es\/fr\/#organization\",\"name\":\"C\u00e1mara Oficial de Comercio de Espa\u00f1a en T\u00e1nger\",\"url\":\"https:\/\/cecit.es\/fr\/\",\"logo\":{\"@type\":\"ImageObject\",\"inLanguage\":\"fr-FR\",\"@id\":\"https:\/\/cecit.es\/fr\/#\/schema\/logo\/image\/\",\"url\":\"https:\/\/cecit.es\/wp-content\/uploads\/2021\/11\/cecit.png\",\"contentUrl\":\"https:\/\/cecit.es\/wp-content\/uploads\/2021\/11\/cecit.png\",\"width\":800,\"height\":493,\"caption\":\"C\u00e1mara Oficial de Comercio de Espa\u00f1a en T\u00e1nger\"},\"image\":{\"@id\":\"https:\/\/cecit.es\/fr\/#\/schema\/logo\/image\/\"},\"sameAs\":[\"https:\/\/www.facebook.com\/camaratanger\/\"]}]}<\/script>\n<!-- \/ Yoast SEO plugin. -->","yoast_head_json":{"title":"Calendrier - CECIT","robots":{"index":"index","follow":"follow","max-snippet":"max-snippet:-1","max-image-preview":"max-image-preview:large","max-video-preview":"max-video-preview:-1"},"canonical":"https:\/\/cecit.es\/fr\/calendrier\/","og_locale":"fr_FR","og_type":"article","og_title":"Calendrier - CECIT","og_description":"[vc_row css=&#8221;.vc_custom_1612980136666{margin-top: 40px !important;}&#8221;][vc_column][vc_row_inner content_placement=&#8221;middle&#8221; css=&#8221;.vc_custom_1616109315242{margin-bottom: 10px !important;border-top-width: 2px !important;border-right-width: 2px !important;border-bottom-width: 2px !important;border-left-width: 2px !important;padding-top: -10px !important;border-left-color: #e6e6e6 !important;border-left-style: solid !important;border-right-color: #e6e6e6 !important;border-right-style: solid !important;border-top-color: [\u2026]","og_url":"https:\/\/cecit.es\/fr\/calendrier\/","og_site_name":"CECIT","article_publisher":"https:\/\/www.facebook.com\/camaratanger\/","twitter_card":"summary_large_image","twitter_misc":{"Dur\u00e9e de lecture estim\u00e9e":"2 minutes"},"schema":{"@context":"https:\/\/schema.org","@graph":[{"@type":"WebPage","@id":"https:\/\/cecit.es\/fr\/calendrier\/","url":"https:\/\/cecit.es\/fr\/calendrier\/","name":"Calendrier - CECIT","isPartOf":{"@id":"https:\/\/cecit.es\/fr\/#website"},"datePublished":"2021-12-29T10:45:09+00:00","breadcrumb":{"@id":"https:\/\/cecit.es\/fr\/calendrier\/#breadcrumb"},"inLanguage":"fr-FR","potentialAction":[{"@type":"ReadAction","target":["https:\/\/cecit.es\/fr\/calendrier\/"]}]},{"@type":"BreadcrumbList","@id":"https:\/\/cecit.es\/fr\/calendrier\/#breadcrumb","itemListElement":[{"@type":"ListItem","position":1,"name":"Portada","item":"https:\/\/cecit.es\/fr\/"},{"@type":"ListItem","position":2,"name":"Calendrier"}]},{"@type":"WebSite","@id":"https:\/\/cecit.es\/fr\/#website","url":"https:\/\/cecit.es\/fr\/","name":"CECIT","description":"Chambre de commerce officielle d&#039;Espagne \u00e0 Tanger","publisher":{"@id":"https:\/\/cecit.es\/fr\/#organization"},"potentialAction":[{"@type":"SearchAction","target":{"@type":"EntryPoint","urlTemplate":"https:\/\/cecit.es\/fr\/?s={search_term_string}"},"query-input":{"@type":"PropertyValueSpecification","valueRequired":true,"valueName":"search_term_string"}}],"inLanguage":"fr-FR"},{"@type":"Organization","@id":"https:\/\/cecit.es\/fr\/#organization","name":"C\u00e1mara Oficial de Comercio de Espa\u00f1a en T\u00e1nger","url":"https:\/\/cecit.es\/fr\/","logo":{"@type":"ImageObject","inLanguage":"fr-FR","@id":"https:\/\/cecit.es\/fr\/#\/schema\/logo\/image\/","url":"https:\/\/cecit.es\/wp-content\/uploads\/2021\/11\/cecit.png","contentUrl":"https:\/\/cecit.es\/wp-content\/uploads\/2021\/11\/cecit.png","width":800,"height":493,"caption":"C\u00e1mara Oficial de Comercio de Espa\u00f1a en T\u00e1nger"},"image":{"@id":"https:\/\/cecit.es\/fr\/#\/schema\/logo\/image\/"},"sameAs":["https:\/\/www.facebook.com\/camaratanger\/"]}]}},"_links":{"self":[{"href":"https:\/\/cecit.es\/fr\/wp-json\/wp\/v2\/pages\/14695","targetHints":{"allow":["GET"]}}],"collection":[{"href":"https:\/\/cecit.es\/fr\/wp-json\/wp\/v2\/pages"}],"about":[{"href":"https:\/\/cecit.es\/fr\/wp-json\/wp\/v2\/types\/page"}],"author":[{"embeddable":true,"href":"https:\/\/cecit.es\/fr\/wp-json\/wp\/v2\/users\/1"}],"replies":[{"embeddable":true,"href":"https:\/\/cecit.es\/fr\/wp-json\/wp\/v2\/comments?post=14695"}],"version-history":[{"count":2,"href":"https:\/\/cecit.es\/fr\/wp-json\/wp\/v2\/pages\/14695\/revisions"}],"predecessor-version":[{"id":14697,"href":"https:\/\/cecit.es\/fr\/wp-json\/wp\/v2\/pages\/14695\/revisions\/14697"}],"wp:attachment":[{"href":"https:\/\/cecit.es\/fr\/wp-json\/wp\/v2\/media?parent=14695"}],"curies":[{"name":"wp","href":"https:\/\/api.w.org\/{rel}","templated":true}]}}