{"id":14691,"date":"2021-12-29T11:41:04","date_gmt":"2021-12-29T10:41:04","guid":{"rendered":"https:\/\/cecit.es\/actualites-membres\/"},"modified":"2021-12-29T11:41:04","modified_gmt":"2021-12-29T10:41:04","slug":"actualites-membres","status":"publish","type":"page","link":"https:\/\/cecit.es\/fr\/actualites-membres\/","title":{"rendered":"Actualit\u00e9s membres"},"content":{"rendered":"<div class=\"wpb-content-wrapper\"><p>[vc_row][vc_column][vc_column_text]<div class=\"pt-cv-wrapper\"><ol class=\"breadcrumb pt-cv-filter-bar pt-cv-center\" id=\"pt-cv-filter-bar-32f3d4btbv-category\"><li class=\"\"><a href=\"#\" class=\"pt-cv-filter-option\" data-value=\"category-654\" data-sftype=\"breadcrumb\">Actes institutionnels<\/a><\/li><li class=\"\"><a href=\"#\" class=\"pt-cv-filter-option\" data-value=\"category-652\" data-sftype=\"breadcrumb\">Actes institutionnels<\/a><\/li><li class=\"\"><a href=\"#\" class=\"pt-cv-filter-option\" data-value=\"category-635\" data-sftype=\"breadcrumb\">Bienes de consumo<\/a><\/li><li class=\"\"><a href=\"#\" class=\"pt-cv-filter-option\" data-value=\"category-636\" data-sftype=\"breadcrumb\">Encuentros empresariales<\/a><\/li><li class=\"\"><a href=\"#\" class=\"pt-cv-filter-option\" data-value=\"category-639\" data-sftype=\"breadcrumb\">Journ\u00e9es<\/a><\/li><li class=\"\"><a href=\"#\" class=\"pt-cv-filter-option\" data-value=\"category-646\" data-sftype=\"breadcrumb\">Networking<\/a><\/li><li class=\"\"><a href=\"#\" class=\"pt-cv-filter-option\" data-value=\"category-1\" data-sftype=\"breadcrumb\">Non classifi\u00e9(e)<\/a><\/li><li class=\"\"><a href=\"#\" class=\"pt-cv-filter-option\" data-value=\"category-634\" data-sftype=\"breadcrumb\">Oportunidades<\/a><\/li><li class=\"\"><a href=\"#\" class=\"pt-cv-filter-option\" data-value=\"category-638\" data-sftype=\"breadcrumb\">Prochaines activit\u00e9s<\/a><\/li><li class=\"\"><a href=\"#\" class=\"pt-cv-filter-option\" data-value=\"category-633\" data-sftype=\"breadcrumb\">Produits Industriels<\/a><\/li><li class=\"\"><a href=\"#\" class=\"pt-cv-filter-option\" data-value=\"category-648\" data-sftype=\"breadcrumb\">Salons, foires et forums<\/a><\/li><li class=\"\"><a href=\"#\" class=\"pt-cv-filter-option\" data-value=\"category-649\" data-sftype=\"breadcrumb\">S\u00e9minaires<\/a><\/li><li class=\"\"><a href=\"#\" class=\"pt-cv-filter-option\" data-value=\"category-645\" data-sftype=\"breadcrumb\">Visites<\/a><\/li><li class=\"\"><a href=\"#\" class=\"pt-cv-filter-option\" data-value=\"category-650\" data-sftype=\"breadcrumb\">Webinars<\/a><\/li><\/ol><div class=\"pt-cv-view pt-cv-grid pt-cv-colsys pt-cv-pgloadmore pt-cv-left pt-cv-sf\" id=\"pt-cv-view-32f3d4btbv\"><div data-id=\"pt-cv-page-1\" class=\"pt-cv-page cv-npf\" data-cvc=\"4\" data-sfpp=\"6\" data-sftp=\"1\" data-sfop=\"and\" data-cvct=\"1\" data-cvcm=\"1\"><div class=\"col-md-3 col-sm-12 col-xs-12 pt-cv-content-item pt-cv-1-col\" data-groups=\"\" data-pid=\"0\"><div class='pt-cv-ifield'><div class=\"pt-cv-no-post\">Aucune publication trouv\u00e9e.<\/div><\/div><\/div><\/div><\/div><\/div>\t\t\t<style type=\"text\/css\" id=\"pt-cv-inline-style-1e66194374\">#pt-cv-filter-bar-32f3d4btbv-category { margin-bottom: 60px !important; }\n#pt-cv-view-32f3d4btbv .pt-cv-content-item { padding-bottom: 60px !important; }\n#pt-cv-view-32f3d4btbv  { margin-bottom: 20px !important; }\n#pt-cv-view-32f3d4btbv .pt-cv-title a, #pt-cv-view-32f3d4btbv  .panel-title { font-weight: 600 !important; }\n#pt-cv-view-32f3d4btbv .pt-cv-readmore  { color: #ffffff !important; background-color: #c31038 !important; }\n#pt-cv-view-32f3d4btbv .pt-cv-readmore:hover  { color: #ffffff !important; background-color: #a00116 !important; }\n#pt-cv-view-32f3d4btbv  + .pt-cv-pagination-wrapper .pt-cv-more , #pt-cv-view-32f3d4btbv  + .pt-cv-pagination-wrapper .pagination .active a, .pt-cv-pagination[data-sid='32f3d4btbv'] .active a { color: #ffffff !important; background-color: #c31038 !important; }\n.cvp-live-filter[data-sid='32f3d4btbv'] input[type='text'], .cvp-live-filter[data-sid='32f3d4btbv'] div > label, .cvp-live-filter[data-sid='32f3d4btbv'] select, .cvp-live-filter[data-sid='32f3d4btbv'] .irs-from, .cvp-live-filter[data-sid='32f3d4btbv'] .irs-to   { color: #ffffff !important; background-color: #c31038 !important; display: block !important; text-align: center !important; clear: both !important; }\n.cvp-live-filter[data-sid='32f3d4btbv'] + .cvp-live-button .cvp-live-submit   { color: #ffffff !important; }\n[id^='pt-cv-filter-bar-32f3d4btbv'] .pt-cv-filter-option, [id^='pt-cv-filter-bar-32f3d4btbv'] .dropdown-menu   { font-size: 16px !important; line-height: 1.3 !important; color: #c31038 !important; text-align: center !important; clear: both !important; }\n[id^='pt-cv-filter-bar-32f3d4btbv'] .active.pt-cv-filter-option, [id^='pt-cv-filter-bar-32f3d4btbv'] .active .pt-cv-filter-option, [id^='pt-cv-filter-bar-32f3d4btbv'] .selected.pt-cv-filter-option, [id^='pt-cv-filter-bar-32f3d4btbv'] .dropdown-toggle   { color: #ffffff !important; background-color: #c31038 !important; font-weight: 600 !important; text-align: center !important; clear: both !important; }\n#pt-cv-view-32f3d4btbv { text-align: left; }<\/style>\r\n\t\t\t[\/vc_column_text][\/vc_column][\/vc_row]<\/p>\n<\/div>","protected":false},"excerpt":{"rendered":"<p>[vc_row][vc_column][vc_column_text][\/vc_column_text][\/vc_column][\/vc_row]<\/p>\n","protected":false},"author":1,"featured_media":0,"parent":0,"menu_order":0,"comment_status":"closed","ping_status":"closed","template":"","meta":{"footnotes":""},"class_list":["post-14691","page","type-page","status-publish","hentry"],"yoast_head":"<!-- This site is optimized with the Yoast SEO plugin v26.2 - https:\/\/yoast.com\/wordpress\/plugins\/seo\/ -->\n<title>Actualit\u00e9s membres - CECIT<\/title>\n<meta name=\"robots\" content=\"index, follow, max-snippet:-1, max-image-preview:large, max-video-preview:-1\" \/>\n<link rel=\"canonical\" href=\"https:\/\/cecit.es\/fr\/actualites-membres\/\" \/>\n<meta property=\"og:locale\" content=\"fr_FR\" \/>\n<meta property=\"og:type\" content=\"article\" \/>\n<meta property=\"og:title\" content=\"Actualit\u00e9s membres - CECIT\" \/>\n<meta property=\"og:description\" content=\"[vc_row][vc_column][vc_column_text][\/vc_column_text][\/vc_column][\/vc_row]\" \/>\n<meta property=\"og:url\" content=\"https:\/\/cecit.es\/fr\/actualites-membres\/\" \/>\n<meta property=\"og:site_name\" content=\"CECIT\" \/>\n<meta property=\"article:publisher\" content=\"https:\/\/www.facebook.com\/camaratanger\/\" \/>\n<meta name=\"twitter:card\" content=\"summary_large_image\" \/>\n<script type=\"application\/ld+json\" class=\"yoast-schema-graph\">{\"@context\":\"https:\/\/schema.org\",\"@graph\":[{\"@type\":\"WebPage\",\"@id\":\"https:\/\/cecit.es\/fr\/actualites-membres\/\",\"url\":\"https:\/\/cecit.es\/fr\/actualites-membres\/\",\"name\":\"Actualit\u00e9s membres - CECIT\",\"isPartOf\":{\"@id\":\"https:\/\/cecit.es\/fr\/#website\"},\"datePublished\":\"2021-12-29T10:41:04+00:00\",\"breadcrumb\":{\"@id\":\"https:\/\/cecit.es\/fr\/actualites-membres\/#breadcrumb\"},\"inLanguage\":\"fr-FR\",\"potentialAction\":[{\"@type\":\"ReadAction\",\"target\":[\"https:\/\/cecit.es\/fr\/actualites-membres\/\"]}]},{\"@type\":\"BreadcrumbList\",\"@id\":\"https:\/\/cecit.es\/fr\/actualites-membres\/#breadcrumb\",\"itemListElement\":[{\"@type\":\"ListItem\",\"position\":1,\"name\":\"Portada\",\"item\":\"https:\/\/cecit.es\/fr\/\"},{\"@type\":\"ListItem\",\"position\":2,\"name\":\"Actualit\u00e9s membres\"}]},{\"@type\":\"WebSite\",\"@id\":\"https:\/\/cecit.es\/fr\/#website\",\"url\":\"https:\/\/cecit.es\/fr\/\",\"name\":\"CECIT\",\"description\":\"Chambre de commerce officielle d&#039;Espagne \u00e0 Tanger\",\"publisher\":{\"@id\":\"https:\/\/cecit.es\/fr\/#organization\"},\"potentialAction\":[{\"@type\":\"SearchAction\",\"target\":{\"@type\":\"EntryPoint\",\"urlTemplate\":\"https:\/\/cecit.es\/fr\/?s={search_term_string}\"},\"query-input\":{\"@type\":\"PropertyValueSpecification\",\"valueRequired\":true,\"valueName\":\"search_term_string\"}}],\"inLanguage\":\"fr-FR\"},{\"@type\":\"Organization\",\"@id\":\"https:\/\/cecit.es\/fr\/#organization\",\"name\":\"C\u00e1mara Oficial de Comercio de Espa\u00f1a en T\u00e1nger\",\"url\":\"https:\/\/cecit.es\/fr\/\",\"logo\":{\"@type\":\"ImageObject\",\"inLanguage\":\"fr-FR\",\"@id\":\"https:\/\/cecit.es\/fr\/#\/schema\/logo\/image\/\",\"url\":\"https:\/\/cecit.es\/wp-content\/uploads\/2021\/11\/cecit.png\",\"contentUrl\":\"https:\/\/cecit.es\/wp-content\/uploads\/2021\/11\/cecit.png\",\"width\":800,\"height\":493,\"caption\":\"C\u00e1mara Oficial de Comercio de Espa\u00f1a en T\u00e1nger\"},\"image\":{\"@id\":\"https:\/\/cecit.es\/fr\/#\/schema\/logo\/image\/\"},\"sameAs\":[\"https:\/\/www.facebook.com\/camaratanger\/\"]}]}<\/script>\n<!-- \/ Yoast SEO plugin. -->","yoast_head_json":{"title":"Actualit\u00e9s membres - CECIT","robots":{"index":"index","follow":"follow","max-snippet":"max-snippet:-1","max-image-preview":"max-image-preview:large","max-video-preview":"max-video-preview:-1"},"canonical":"https:\/\/cecit.es\/fr\/actualites-membres\/","og_locale":"fr_FR","og_type":"article","og_title":"Actualit\u00e9s membres - CECIT","og_description":"[vc_row][vc_column][vc_column_text][\/vc_column_text][\/vc_column][\/vc_row]","og_url":"https:\/\/cecit.es\/fr\/actualites-membres\/","og_site_name":"CECIT","article_publisher":"https:\/\/www.facebook.com\/camaratanger\/","twitter_card":"summary_large_image","schema":{"@context":"https:\/\/schema.org","@graph":[{"@type":"WebPage","@id":"https:\/\/cecit.es\/fr\/actualites-membres\/","url":"https:\/\/cecit.es\/fr\/actualites-membres\/","name":"Actualit\u00e9s membres - CECIT","isPartOf":{"@id":"https:\/\/cecit.es\/fr\/#website"},"datePublished":"2021-12-29T10:41:04+00:00","breadcrumb":{"@id":"https:\/\/cecit.es\/fr\/actualites-membres\/#breadcrumb"},"inLanguage":"fr-FR","potentialAction":[{"@type":"ReadAction","target":["https:\/\/cecit.es\/fr\/actualites-membres\/"]}]},{"@type":"BreadcrumbList","@id":"https:\/\/cecit.es\/fr\/actualites-membres\/#breadcrumb","itemListElement":[{"@type":"ListItem","position":1,"name":"Portada","item":"https:\/\/cecit.es\/fr\/"},{"@type":"ListItem","position":2,"name":"Actualit\u00e9s membres"}]},{"@type":"WebSite","@id":"https:\/\/cecit.es\/fr\/#website","url":"https:\/\/cecit.es\/fr\/","name":"CECIT","description":"Chambre de commerce officielle d&#039;Espagne \u00e0 Tanger","publisher":{"@id":"https:\/\/cecit.es\/fr\/#organization"},"potentialAction":[{"@type":"SearchAction","target":{"@type":"EntryPoint","urlTemplate":"https:\/\/cecit.es\/fr\/?s={search_term_string}"},"query-input":{"@type":"PropertyValueSpecification","valueRequired":true,"valueName":"search_term_string"}}],"inLanguage":"fr-FR"},{"@type":"Organization","@id":"https:\/\/cecit.es\/fr\/#organization","name":"C\u00e1mara Oficial de Comercio de Espa\u00f1a en T\u00e1nger","url":"https:\/\/cecit.es\/fr\/","logo":{"@type":"ImageObject","inLanguage":"fr-FR","@id":"https:\/\/cecit.es\/fr\/#\/schema\/logo\/image\/","url":"https:\/\/cecit.es\/wp-content\/uploads\/2021\/11\/cecit.png","contentUrl":"https:\/\/cecit.es\/wp-content\/uploads\/2021\/11\/cecit.png","width":800,"height":493,"caption":"C\u00e1mara Oficial de Comercio de Espa\u00f1a en T\u00e1nger"},"image":{"@id":"https:\/\/cecit.es\/fr\/#\/schema\/logo\/image\/"},"sameAs":["https:\/\/www.facebook.com\/camaratanger\/"]}]}},"_links":{"self":[{"href":"https:\/\/cecit.es\/fr\/wp-json\/wp\/v2\/pages\/14691","targetHints":{"allow":["GET"]}}],"collection":[{"href":"https:\/\/cecit.es\/fr\/wp-json\/wp\/v2\/pages"}],"about":[{"href":"https:\/\/cecit.es\/fr\/wp-json\/wp\/v2\/types\/page"}],"author":[{"embeddable":true,"href":"https:\/\/cecit.es\/fr\/wp-json\/wp\/v2\/users\/1"}],"replies":[{"embeddable":true,"href":"https:\/\/cecit.es\/fr\/wp-json\/wp\/v2\/comments?post=14691"}],"version-history":[{"count":1,"href":"https:\/\/cecit.es\/fr\/wp-json\/wp\/v2\/pages\/14691\/revisions"}],"predecessor-version":[{"id":14692,"href":"https:\/\/cecit.es\/fr\/wp-json\/wp\/v2\/pages\/14691\/revisions\/14692"}],"wp:attachment":[{"href":"https:\/\/cecit.es\/fr\/wp-json\/wp\/v2\/media?parent=14691"}],"curies":[{"name":"wp","href":"https:\/\/api.w.org\/{rel}","templated":true}]}}